{"id":123,"date":"2023-10-09T08:42:45","date_gmt":"2023-10-09T08:42:45","guid":{"rendered":"https:\/\/verdun-collections.com\/?page_id=123"},"modified":"2023-10-11T06:45:36","modified_gmt":"2023-10-11T06:45:36","slug":"juridische-informatie","status":"publish","type":"page","link":"https:\/\/verdun-collections.com\/nl\/mentions-legales\/","title":{"rendered":"Juridische informatie"},"content":{"rendered":"<p>[et_pb_section fb_built=\u00a0\u00bb1&Prime; _builder_version=\u00a0\u00bb4.22.2&Prime; _module_preset=\u00a0\u00bbdefault\u00a0\u00bb global_colors_info=\u00a0\u00bb{}\u00a0\u00bb][et_pb_row _builder_version=\u00a0\u00bb4.22.2&Prime; _module_preset=\u00a0\u00bbdefault\u00a0\u00bb global_colors_info=\u00a0\u00bb{}\u00a0\u00bb][et_pb_column type=\u00a0\u00bb4_4&Prime; _builder_version=\u00a0\u00bb4.22.2&Prime; _module_preset=\u00a0\u00bbdefault\u00a0\u00bb global_colors_info=\u00a0\u00bb{}\u00a0\u00bb][et_pb_text _builder_version=\u00a0\u00bb4.22.2&Prime; _module_preset=\u00a0\u00bbdefault\u00a0\u00bb global_colors_info=\u00a0\u00bb{}\u00a0\u00bb]<\/p>\n<h2><span>MENTIONS LEGALES<\/span><\/h2>\n<p><strong>Ce site est \u00e9dit\u00e9 par :<\/strong><\/p>\n<p>Verdun Collections<\/p>\n<p><strong>Capital :<\/strong><\/p>\n<p>&nbsp;<\/p>\n<p><strong>Adresse :<\/strong><\/p>\n<p><span class=\"w8qArf\"><span>\u00a0<\/span><\/span><span class=\"LrzXr\">23 Av. de Douaumont, 55100 Verdun<\/span><\/p>\n<p><strong>\u00a0<\/strong><\/p>\n<p><strong>Adresse \u00e9lectronique :<\/strong><\/p>\n<p>&nbsp;<\/p>\n<p><strong>\u00a0<\/strong><\/p>\n<p><strong>T\u00e9l\u00e9phone :<\/strong><\/p>\n<p><span aria-label=\"Appeler le 03 29 83 60 98\">03 29 83 60 98<\/span><\/p>\n<p><strong>\u00a0<\/strong><\/p>\n<p><strong>N\u00b0 Registre du Commerce ou R\u00e9pertoire des m\u00e9tiers :<\/strong><\/p>\n<p>Bar-le-Duc B 443 868 047<\/p>\n<p><strong>N\u00b0 SIRET de l\u2019\u00e9tablissement :<\/strong><\/p>\n<p>44386804700046<\/p>\n<p><strong>\u00a0<\/strong><\/p>\n<p><strong>N\u00b0 d\u2019assujettissement \u00e0 la TVA :<\/strong><\/p>\n<p>FR84443868047<\/p>\n<p><strong>\u00a0<\/strong><\/p>\n<p><strong>Directeur de r\u00e9daction et de publication :<\/strong><\/p>\n<p>&nbsp;<\/p>\n<p>&nbsp;<\/p>\n<p>Ce site a \u00e9t\u00e9 con\u00e7u et r\u00e9alis\u00e9 par DLW\u2019s Communication<\/p>\n<p>&nbsp;<\/p>\n<p>Son h\u00e9bergement est assur\u00e9 par LWS.fr<\/p>\n<p>LWS (www.lws.fr \u2013 Ligne Web Services)<br \/>S.A.R.L au capital de 500 000 Euros<br \/>10, RUE PENTHIEVRE<br \/>75008 PARIS<br \/>FRANCE<\/p>\n<p>RCS Paris B 851 993 683 00024 \u2013 APE 6311Z<br \/>TVA intra: FR21 851 993 683<br \/>SIRET 85199368300024<\/p>\n<p>[\/et_pb_text][et_pb_code _builder_version=\u00a0\u00bb4.22.2&Prime; _module_preset=\u00a0\u00bbdefault\u00a0\u00bb hover_enabled=\u00a0\u00bb0&Prime; sticky_enabled=\u00a0\u00bb0&Prime;]\n<!-- Legal document generated by Complianz | GDPR\/CCPA Cookie Consent https:\/\/wordpress.org\/plugins\/complianz-gdpr -->\n<div id=\"cmplz-document\" class=\"cmplz-document impressum cmplz-document-all\"><p><i>This imprint was last updated on oktober 9, 2023.<\/i><\/p><p class=\"cmplz-subtitle\">The owner of this website is:<\/p><p>Francois CHRETIEN SARL<br>23 AV DE DOUAUMONT 55100 VERDUN<br>France<br>Email:&nbsp;<span class=\"cmplz-obfuscate\">ve&#114;&#100;un.&#099;ollecti&#111;&#110;s@<span class=\"cmplz-fmail-domain\">ex.c&#111;&#109;<\/span>oran&#103;&#101;.f&#114;<\/span><br>Phone number: 03 29 83 60 98<br>VAT ID:&nbsp;FR84443868047<\/p><p class=\"cmplz-subtitle\">The legal representative(s) of Francois CHRETIEN SARL:<\/p><p>David CHR\u00c9TIEN<\/p><h2>1. General<\/h2><p class=\"cmplz-subtitle\">1.1 We are registered at RCS Bar-le-Duc under the license or registration number:<\/p><p>B 443 868 047<\/p><p>We are not willing or obliged to participate in dispute resolution procedures before a consumer arbitration board.<\/p><h2>2. The following information is mandatory according to German law.<\/h2><p class=\"cmplz-subtitle\">2.1 Die Eigentumsanteile der Gesellschaft (Aktienkapital), die von ihr ausgegeben wurden:<\/p><p>62 500\u20ac<\/p><\/div>[\/et_pb_code][\/et_pb_column][\/et_pb_row][\/et_pb_section]<\/p>\n","protected":false},"excerpt":{"rendered":"<p>WETTELIJKE INFORMATIE Deze site wordt gepubliceerd door : Verdun Collections Capital: Adres: 23 Av. de Douaumont, 55100 Verdun E-mail: Telefoon: 03 29 83 60 98 N\u00b0 Registre du Commerce ou R\u00e9pertoire des m\u00e9tiers: Bar-le-Duc B 443 868 047 N\u00b0 SIRET de l'\u00e9tablissement: 44386804700046 N\u00b0 d'assujettissement \u00e0 la TVA: FR84443868047 Directeur de r\u00e9daction et de publication: Deze site werd ontworpen en geproduceerd door DLW's Communication Hij wordt gehost door LWS.fr LWS (www.lws.fr - Ligne Web Services)S.A.R.L met een kapitaal van 500 000 euro10, RUE PENTHIEVRE75008 PARISFRANCE RCS Paris B 851 993 683 00024 - APE 6311ZTVA intra: FR21 851 993 683SIRET 85199368300024\n<!-- Legal document generated by Complianz | GDPR\/CCPA Cookie Consent https:\/\/wordpress.org\/plugins\/complianz-gdpr -->\n<div id=\"cmplz-document\" class=\"cmplz-document impressum cmplz-document-all\"><p><i>This imprint was last updated on oktober 9, 2023.<\/i><\/p><p class=\"cmplz-subtitle\">De eigenaar van deze website is:<\/p><p>Francois CHRETIEN SARL<br>23 AV DE DOUAUMONT 55100 VERDUN<br>Frankrijk<br>E-mail:&nbsp;<span class=\"cmplz-obfuscate\">v&#101;rd&#117;n&#046;&#099;o&#108;l&#101;c&#116;i&#111;&#110;&#115;@<span class=\"cmplz-fmail-domain\">ex.com<\/span>oranje.fr<\/span><br>Telefoonnummer: 03 29 83 60 98<br>BTW-ID: FR84443868047<\/p><p class=\"cmplz-subtitle\">De wettelijke vertegenwoordiger(s) van Francois CHRETIEN SARL:<\/p><p>David CHR\u00c9TIEN<\/p><h2>1. Algemeen<\/h2><p class=\"cmplz-subtitle\">1.1 Wij zijn geregistreerd bij RCS Bar-le-Duc onder het licentie- of registratienummer:<\/p><p>B 443 868 047<\/p><p>We zijn niet bereid of verplicht om deel te nemen aan geschillenbeslechtingsprocedures voor een arbitragecommissie voor consumenten.<\/p><h2>2. De volgende informatie is verplicht volgens de Duitse wet.<\/h2><p class=\"cmplz-subtitle\">2.1 Die Eigentumsanteile der Gesellschaft (Aktienkapital), die von ihr ausgegeben wurden:<\/p><p>62 500\u20ac<\/p><\/div><\/p>","protected":false},"author":2,"featured_media":0,"parent":0,"menu_order":0,"comment_status":"closed","ping_status":"closed","template":"","meta":{"_et_pb_use_builder":"on","_et_pb_old_content":"","_et_gb_content_width":"","footnotes":""},"class_list":["post-123","page","type-page","status-publish","hentry"],"_links":{"self":[{"href":"https:\/\/verdun-collections.com\/nl\/wp-json\/wp\/v2\/pages\/123","targetHints":{"allow":["GET"]}}],"collection":[{"href":"https:\/\/verdun-collections.com\/nl\/wp-json\/wp\/v2\/pages"}],"about":[{"href":"https:\/\/verdun-collections.com\/nl\/wp-json\/wp\/v2\/types\/page"}],"author":[{"embeddable":true,"href":"https:\/\/verdun-collections.com\/nl\/wp-json\/wp\/v2\/users\/2"}],"replies":[{"embeddable":true,"href":"https:\/\/verdun-collections.com\/nl\/wp-json\/wp\/v2\/comments?post=123"}],"version-history":[{"count":4,"href":"https:\/\/verdun-collections.com\/nl\/wp-json\/wp\/v2\/pages\/123\/revisions"}],"predecessor-version":[{"id":176,"href":"https:\/\/verdun-collections.com\/nl\/wp-json\/wp\/v2\/pages\/123\/revisions\/176"}],"wp:attachment":[{"href":"https:\/\/verdun-collections.com\/nl\/wp-json\/wp\/v2\/media?parent=123"}],"curies":[{"name":"wp","href":"https:\/\/api.w.org\/{rel}","templated":true}]}}